{"id":981,"date":"2023-02-02T18:04:18","date_gmt":"2023-02-02T17:04:18","guid":{"rendered":"https:\/\/chiropractic-center.berlin\/?page_id=981"},"modified":"2024-09-12T10:05:03","modified_gmt":"2024-09-12T08:05:03","slug":"ernaehrungsberatung","status":"publish","type":"page","link":"https:\/\/chiropractic-center.berlin\/en\/ernaehrungsberatung\/","title":{"rendered":"ERN\u00c4HRUNGSBERATUNG"},"content":{"rendered":"<p>[et_pb_section fb_built=&#8220;1&#8243; _builder_version=&#8220;4.16&#8243; background_color=&#8220;#8db6cd&#8220; global_colors_info=&#8220;{}&#8220; theme_builder_area=&#8220;post_content&#8220;][et_pb_row _builder_version=&#8220;4.16&#8243; global_colors_info=&#8220;{}&#8220; theme_builder_area=&#8220;post_content&#8220;][et_pb_column type=&#8220;4_4&#8243; _builder_version=&#8220;4.16&#8243; global_colors_info=&#8220;{}&#8220; theme_builder_area=&#8220;post_content&#8220;][et_pb_text _builder_version=&#8220;4.19.4&#8243; header_text_color=&#8220;#ffffff&#8220; header_font_size=&#8220;40px&#8220; header_line_height=&#8220;1.3em&#8220; header_2_text_color=&#8220;#ffffff&#8220; header_2_font_size=&#8220;30px&#8220; header_2_letter_spacing=&#8220;1px&#8220; header_3_text_color=&#8220;#ffffff&#8220; global_colors_info=&#8220;{}&#8220; theme_builder_area=&#8220;post_content&#8220;]<\/p>\n<h3><\/h3>\n<h1>CHIROPRAKTIK &amp; ERN\u00c4HRUNG<\/h1>\n<p>[\/et_pb_text][\/et_pb_column][\/et_pb_row][\/et_pb_section][et_pb_section fb_built=&#8220;1&#8243; _builder_version=&#8220;4.19.4&#8243; background_color=&#8220;#f0e7db&#8220; background_enable_image=&#8220;off&#8220; global_colors_info=&#8220;{}&#8220; theme_builder_area=&#8220;post_content&#8220;][et_pb_row column_structure=&#8220;1_2,1_2&#8243; disabled_on=&#8220;on|on|off&#8220; _builder_version=&#8220;4.19.4&#8243; _module_preset=&#8220;default&#8220; background_image=&#8220;https:\/\/chiropractic-center.berlin\/wp-content\/uploads\/2023\/02\/shutterstock_1983535892-Kopie.jpg&#8220; background_position=&#8220;bottom_center&#8220; custom_margin=&#8220;0px||40px||false|false&#8220; global_colors_info=&#8220;{}&#8220; theme_builder_area=&#8220;post_content&#8220;][et_pb_column type=&#8220;1_2&#8243; _builder_version=&#8220;4.16&#8243; _module_preset=&#8220;default&#8220; global_colors_info=&#8220;{}&#8220; theme_builder_area=&#8220;post_content&#8220;][et_pb_text _builder_version=&#8220;4.19.4&#8243; _module_preset=&#8220;default&#8220; text_text_color=&#8220;#05427f&#8220; text_font_size=&#8220;17px&#8220; text_line_height=&#8220;1.4em&#8220; header_text_color=&#8220;#05427F&#8220; header_4_text_color=&#8220;#05427F&#8220; header_4_font_size=&#8220;17px&#8220; header_4_line_height=&#8220;1.3em&#8220; custom_margin=&#8220;200px||||false|false&#8220; custom_padding=&#8220;|||40px|false|false&#8220; global_colors_info=&#8220;{}&#8220; theme_builder_area=&#8220;post_content&#8220;]<\/p>\n<h4><strong>Erg\u00e4nzend zu Ihrer chiropraktischen Behandlung bieten wir bei Bedarf eine ausf\u00fchrliche Ern\u00e4hrungsberatung an.<\/strong><\/h4>\n<p>Es ist wissenschaftlich unbestritten, dass die Ern\u00e4hrung einen gro\u00dfen Einfluss auf unsere Gesundheit hat.<\/p>\n<p>Sie hilft nicht nur das Wohlbefinden zu steigern und Erkrankungen vorzubeugen, sondern kann chronische Krankheiten, wie beispielsweise entz\u00fcndliche Gelenk- oder Darmerkrankungen, lindern.<\/p>\n<p>&nbsp;<\/p>\n<p>[\/et_pb_text][\/et_pb_column][et_pb_column type=&#8220;1_2&#8243; _builder_version=&#8220;4.19.4&#8243; _module_preset=&#8220;default&#8220; global_colors_info=&#8220;{}&#8220; theme_builder_area=&#8220;post_content&#8220;][et_pb_text _builder_version=&#8220;4.19.4&#8243; _module_preset=&#8220;default&#8220; text_text_color=&#8220;#05427F&#8220; text_font_size=&#8220;17px&#8220; text_line_height=&#8220;1.4em&#8220; header_text_color=&#8220;#FFFFFF&#8220; header_4_text_color=&#8220;#FFFFFF&#8220; header_4_font_size=&#8220;17px&#8220; header_4_line_height=&#8220;1.2em&#8220; custom_margin=&#8220;200px||||false|false&#8220; custom_padding=&#8220;0px|||40px|false|false&#8220; global_colors_info=&#8220;{}&#8220; theme_builder_area=&#8220;post_content&#8220;]<\/p>\n<p>\u00a0Eine vollwertige Ern\u00e4hrung, die alle N\u00e4hrstoffe in ausreichender Menge enth\u00e4lt kann:<\/p>\n<ul>\n<li>das Immunsystem st\u00e4rken<\/li>\n<li>Erkrankungen vorbeugen<\/li>\n<li>die Darmflora regenerieren<\/li>\n<li>die Genesung f\u00f6rdern<\/li>\n<li>die Leistungsf\u00e4higkeit steigern<\/li>\n<li>das Wohlbefinden steigern<\/li>\n<\/ul>\n<p>und somit auch zu einer besseren Lebensqualit\u00e4t beitragen. Daher stellt es eine perfekte Erg\u00e4nzung zur chiropraktischen Behandlung dar.<\/p>\n<p>[\/et_pb_text][\/et_pb_column][\/et_pb_row][et_pb_row column_structure=&#8220;1_2,1_2&#8243; disabled_on=&#8220;off|off|on&#8220; _builder_version=&#8220;4.19.4&#8243; _module_preset=&#8220;default&#8220; background_enable_image=&#8220;off&#8220; background_position=&#8220;bottom_center&#8220; custom_margin=&#8220;0px||40px||false|false&#8220; global_colors_info=&#8220;{}&#8220; theme_builder_area=&#8220;post_content&#8220;][et_pb_column type=&#8220;1_2&#8243; _builder_version=&#8220;4.16&#8243; _module_preset=&#8220;default&#8220; global_colors_info=&#8220;{}&#8220; theme_builder_area=&#8220;post_content&#8220;][et_pb_text _builder_version=&#8220;4.19.4&#8243; _module_preset=&#8220;default&#8220; text_text_color=&#8220;#05427f&#8220; text_font_size=&#8220;17px&#8220; text_line_height=&#8220;1.4em&#8220; header_text_color=&#8220;#05427F&#8220; header_4_text_color=&#8220;#05427F&#8220; header_4_font_size=&#8220;17px&#8220; header_4_line_height=&#8220;1.3em&#8220; custom_margin=&#8220;||||false|false&#8220; custom_padding=&#8220;||||false|false&#8220; global_colors_info=&#8220;{}&#8220; theme_builder_area=&#8220;post_content&#8220;]<\/p>\n<h4><strong>Erg\u00e4nzend zu Ihrer chiropraktischen Behandlung bieten wir bei Bedarf eine ausf\u00fchrliche Ern\u00e4hrungsberatung an.<\/strong><\/h4>\n<p>Es ist wissenschaftlich unbestritten, dass die Ern\u00e4hrung einen gro\u00dfen Einfluss auf unsere Gesundheit hat.<\/p>\n<p>Sie hilft nicht nur das Wohlbefinden zu steigern und Erkrankungen vorzubeugen, sondern kann chronische Krankheiten, wie beispielsweise entz\u00fcndliche Gelenk- oder Darmerkrankungen, lindern.<\/p>\n<p>&nbsp;<\/p>\n<p>[\/et_pb_text][et_pb_image src=&#8220;https:\/\/chiropractic-center.berlin\/wp-content\/uploads\/2023\/02\/shutterstock_160575122.jpg&#8220; _builder_version=&#8220;4.19.4&#8243; _module_preset=&#8220;default&#8220; global_colors_info=&#8220;{}&#8220; theme_builder_area=&#8220;post_content&#8220;][\/et_pb_image][\/et_pb_column][et_pb_column type=&#8220;1_2&#8243; _builder_version=&#8220;4.19.4&#8243; _module_preset=&#8220;default&#8220; global_colors_info=&#8220;{}&#8220; theme_builder_area=&#8220;post_content&#8220;][et_pb_text _builder_version=&#8220;4.19.4&#8243; _module_preset=&#8220;default&#8220; text_text_color=&#8220;#05427f&#8220; text_font_size=&#8220;17px&#8220; text_line_height=&#8220;1.4em&#8220; header_text_color=&#8220;#05427F&#8220; header_4_text_color=&#8220;#05427F&#8220; header_4_font_size=&#8220;17px&#8220; header_4_line_height=&#8220;1.3em&#8220; custom_margin=&#8220;||||false|false&#8220; custom_padding=&#8220;||||false|false&#8220; global_colors_info=&#8220;{}&#8220; theme_builder_area=&#8220;post_content&#8220;]<\/p>\n<p>\u00a0Eine vollwertige Ern\u00e4hrung, die alle N\u00e4hrstoffe in ausreichender Menge enth\u00e4lt kann:<\/p>\n<ul>\n<li>das Immunsystem st\u00e4rken<\/li>\n<li>Erkrankungen vorbeugen<\/li>\n<li>die Darmflora regenerieren<\/li>\n<li>die Genesung f\u00f6rdern<\/li>\n<li>die Leistungsf\u00e4higkeit steigern<\/li>\n<li>das Wohlbefinden steigern<\/li>\n<\/ul>\n<p>und somit auch zu einer besseren Lebensqualit\u00e4t beitragen. Daher stellt es eine perfekte Erg\u00e4nzung zur chiropraktischen Behandlung dar.<\/p>\n<p>[\/et_pb_text][\/et_pb_column][\/et_pb_row][et_pb_row column_structure=&#8220;1_2,1_2&#8243; _builder_version=&#8220;4.16&#8243; background_color=&#8220;#8db6cd&#8220; global_colors_info=&#8220;{}&#8220; theme_builder_area=&#8220;post_content&#8220;][et_pb_column type=&#8220;1_2&#8243; _builder_version=&#8220;4.16&#8243; global_colors_info=&#8220;{}&#8220; theme_builder_area=&#8220;post_content&#8220;][et_pb_text _builder_version=&#8220;4.19.4&#8243; text_font_size=&#8220;17px&#8220; text_line_height=&#8220;1.5em&#8220; header_text_color=&#8220;#ffffff&#8220; header_3_text_color=&#8220;#ffffff&#8220; background_layout=&#8220;dark&#8220; custom_margin=&#8220;25px|30px|25px|30px|true|true&#8220; custom_padding=&#8220;|||0px|false|false&#8220; global_colors_info=&#8220;{}&#8220; theme_builder_area=&#8220;post_content&#8220;]<strong>Stehen dir deine Symptome\u00a0und Beschwerden im Weg, das Leben zu genie\u00dfen? Bist du in der Hektik des\u00a0Alltags st\u00e4ndig m\u00fcde und ausgelaugt, aber du\u00a0wei\u00dft nicht, was du ver\u00e4ndern\u00a0sollst?<\/strong><\/p>\n<p><strong>Ich bin Kathrin Eilenz, ganzheitliche Ern\u00e4hrungs&shy;beraterin und Stress-Burnout-Coach. Meine Spezialgebiete sind eine\u00a0einfach umsetzbare Ern\u00e4hrung f\u00fcr\u00a0Berufst\u00e4tige, Darmgesundheit und langfristige\u00a0Stressbew\u00e4ltigung.<\/strong><\/p>\n<p><span>Meine Ern\u00e4hrungsberatung<\/span><span>\u00a0<\/span><span>widmet sich nicht nur dem, was auf deinen Teller kommt, sondern auch dir als Mensch.<\/span><span>\u00a0<\/span><span>Die Beratung umfasst:<\/span><\/p>\n<ul>\n<li><span>Ausf\u00fchrliche Anamnese und<\/span><span>\u00a0<\/span><span>Vereinbarung gesundheitlicher Ziele<\/span><\/li>\n<li><span>Individueller Ern\u00e4hrungsplan und<\/span><span>\u00a0<\/span><span>Lebensmittelliste<\/span><\/li>\n<li><span>Besprechung zus\u00e4tzlicher Ma\u00dfnahmen<\/span><span>\u00a0<\/span><span>in Gespr\u00e4chen<\/span><\/li>\n<li><span>Ggf. Erweiterung durch Methoden der<\/span><span>\u00a0<\/span><span>Stressbew\u00e4ltigung, Zeitmanagement, Entspannung und mehr<\/span><\/li>\n<\/ul>\n<p><span><\/span><\/p>\n<p><span><\/span><\/p>\n<p><span>Langfristige Verbesserung\u00a0braucht Zeit, deshalb lasse ich dich nicht nach 1-2 Terminen fallen, sondern\u00a0begleite dich je nach Pr\u00e4ferenz und\u00a0Herausforderung 3 oder 6 Monate.<\/span>[\/et_pb_text][et_pb_button button_url=&#8220;https:\/\/kathrineilenz.de&#8220; url_new_window=&#8220;on&#8220; button_text=&#8220;MEHR INFOS&#8220; button_alignment=&#8220;left&#8220; _builder_version=&#8220;4.19.4&#8243; _dynamic_attributes=&#8220;button_url&#8220; _module_preset=&#8220;default&#8220; custom_margin=&#8220;50px|30px|50px|30px|true|true&#8220; custom_margin_tablet=&#8220;50px|30px|50px|30px|true|true&#8220; custom_margin_phone=&#8220;50px|30px|50px|30px|true|true&#8220; custom_margin_last_edited=&#8220;on|desktop&#8220; custom_padding_tablet=&#8220;&#8220; custom_padding_phone=&#8220;&#8220; custom_padding_last_edited=&#8220;on|phone&#8220; global_colors_info=&#8220;{}&#8220; theme_builder_area=&#8220;post_content&#8220;][\/et_pb_button][\/et_pb_column][et_pb_column type=&#8220;1_2&#8243; _builder_version=&#8220;4.16&#8243; global_colors_info=&#8220;{}&#8220; theme_builder_area=&#8220;post_content&#8220;][et_pb_image src=&#8220;https:\/\/chiropractic-center.berlin\/wp-content\/uploads\/2023\/02\/ClaudiaSimchenFotografie-14-Kopie.jpg&#8220; _builder_version=&#8220;4.19.4&#8243; _module_preset=&#8220;default&#8220; custom_padding=&#8220;20px|40px|20px|40px|true|true&#8220; global_colors_info=&#8220;{}&#8220; theme_builder_area=&#8220;post_content&#8220;][\/et_pb_image][et_pb_text _builder_version=&#8220;4.19.4&#8243; text_font_size=&#8220;17px&#8220; text_line_height=&#8220;1.5em&#8220; link_text_color=&#8220;#000000&#8243; header_text_color=&#8220;#ffffff&#8220; header_3_text_color=&#8220;#ffffff&#8220; background_layout=&#8220;dark&#8220; custom_margin=&#8220;25px|30px|25px|30px|true|true&#8220; custom_padding=&#8220;|||0px|false|false&#8220; global_colors_info=&#8220;{}&#8220; theme_builder_area=&#8220;post_content&#8220;]<\/p>\n<p><span>Die Termine k\u00f6nnen freitags<\/span><span>\u00a0<\/span><span>oder dienstags nachmittags in den wundersch\u00f6nen R\u00e4umen des Chiropractic Center<\/span><span>\u00a0<\/span><span>Berlin stattfinden. Alternativ bieten sich<\/span><span>\u00a0<\/span><span>andere Orte in Berlin oder die<\/span><span>\u00a0<\/span><span>Beratung online an.<\/span><\/p>\n<p><span>Erfahre mehr \u00fcber mein<\/span><span>\u00a0<\/span><span>Angebot und mich unter\u00a0<\/span><a href=\"https:\/\/kathrineilenz.de\" target=\"_blank\" rel=\"noopener\"><span>kathrineilenz.de<\/span><\/a><\/p>\n<p class=\"p2\">[\/et_pb_text][\/et_pb_column][\/et_pb_row][\/et_pb_section]<\/p>\n","protected":false},"excerpt":{"rendered":"<p>CHIROPRAKTIK &amp; ERN\u00c4HRUNGErg\u00e4nzend zu Ihrer chiropraktischen Behandlung bieten wir bei Bedarf eine ausf\u00fchrliche Ern\u00e4hrungsberatung an. Es ist wissenschaftlich unbestritten, dass die Ern\u00e4hrung einen gro\u00dfen Einfluss auf unsere Gesundheit hat. Sie hilft nicht nur das Wohlbefinden zu steigern und Erkrankungen vorzubeugen, sondern kann chronische Krankheiten, wie beispielsweise entz\u00fcndliche Gelenk- oder Darmerkrankungen, lindern. &nbsp;\u00a0Eine vollwertige Ern\u00e4hrung, die [&hellip;]<\/p>\n","protected":false},"author":1,"featured_media":0,"parent":0,"menu_order":0,"comment_status":"closed","ping_status":"closed","template":"","meta":{"_et_pb_use_builder":"on","_et_pb_old_content":"","_et_gb_content_width":"","footnotes":""},"class_list":["post-981","page","type-page","status-publish","hentry"],"_links":{"self":[{"href":"https:\/\/chiropractic-center.berlin\/en\/wp-json\/wp\/v2\/pages\/981","targetHints":{"allow":["GET"]}}],"collection":[{"href":"https:\/\/chiropractic-center.berlin\/en\/wp-json\/wp\/v2\/pages"}],"about":[{"href":"https:\/\/chiropractic-center.berlin\/en\/wp-json\/wp\/v2\/types\/page"}],"author":[{"embeddable":true,"href":"https:\/\/chiropractic-center.berlin\/en\/wp-json\/wp\/v2\/users\/1"}],"replies":[{"embeddable":true,"href":"https:\/\/chiropractic-center.berlin\/en\/wp-json\/wp\/v2\/comments?post=981"}],"version-history":[{"count":10,"href":"https:\/\/chiropractic-center.berlin\/en\/wp-json\/wp\/v2\/pages\/981\/revisions"}],"predecessor-version":[{"id":1103,"href":"https:\/\/chiropractic-center.berlin\/en\/wp-json\/wp\/v2\/pages\/981\/revisions\/1103"}],"wp:attachment":[{"href":"https:\/\/chiropractic-center.berlin\/en\/wp-json\/wp\/v2\/media?parent=981"}],"curies":[{"name":"wp","href":"https:\/\/api.w.org\/{rel}","templated":true}]}}